{"id":9091,"date":"2023-11-22T20:29:12","date_gmt":"2023-11-22T18:29:12","guid":{"rendered":"https:\/\/daiktaisuistorija.lt\/?post_type=product&#038;p=9091"},"modified":"2024-10-17T15:18:14","modified_gmt":"2024-10-17T12:18:14","slug":"stalo-takelis-uzuolaida","status":"publish","type":"product","link":"https:\/\/daiktaisuistorija.lt\/lt\/produktas\/stalo-takelis-uzuolaida\/","title":{"rendered":"Stalo takelis\/u\u017euolaida"},"content":{"rendered":"<p>Labai ilgas takelis, bet taipogi galite pakabinti ant karnizo kaip u\u017euolaid\u0117l\u0119, kuri \u0161venti\u0161kai papuo\u0161 j\u016bs\u0173 nam\u0173 kampel\u012f.<br>Medviln\u0117.<br>58x256cm (puikus dydis dideliam stalui).<br>B\u016bkl\u0117 &#8211; puiki.<\/p>","protected":false},"excerpt":{"rendered":"<p>Labai ilgas takelis, bet taipogi galite pakabinti ant karnizo kaip u\u017euolaid\u0117l\u0119, kuri \u0161venti\u0161kai papuo\u0161 j\u016bs\u0173 nam\u0173 kampel\u012f.Medviln\u0117.58x256cm (puikus dydis dideliam stalui).B\u016bkl\u0117 &#8211; puiki.<\/p>","protected":false},"featured_media":9094,"template":"","meta":[],"product_cat":[118,67,52],"product_tag":[],"class_list":["post-9091","product","type-product","status-publish","has-post-thumbnail","hentry","product_cat-kaledos","product_cat-tekstile","product_cat-visi-daiktai"],"_links":{"self":[{"href":"https:\/\/daiktaisuistorija.lt\/lt\/wp-json\/wp\/v2\/product\/9091","targetHints":{"allow":["GET"]}}],"collection":[{"href":"https:\/\/daiktaisuistorija.lt\/lt\/wp-json\/wp\/v2\/product"}],"about":[{"href":"https:\/\/daiktaisuistorija.lt\/lt\/wp-json\/wp\/v2\/types\/product"}],"wp:featuredmedia":[{"embeddable":true,"href":"https:\/\/daiktaisuistorija.lt\/lt\/wp-json\/wp\/v2\/media\/9094"}],"wp:attachment":[{"href":"https:\/\/daiktaisuistorija.lt\/lt\/wp-json\/wp\/v2\/media?parent=9091"}],"wp:term":[{"taxonomy":"product_cat","embeddable":true,"href":"https:\/\/daiktaisuistorija.lt\/lt\/wp-json\/wp\/v2\/product_cat?post=9091"},{"taxonomy":"product_tag","embeddable":true,"href":"https:\/\/daiktaisuistorija.lt\/lt\/wp-json\/wp\/v2\/product_tag?post=9091"}],"curies":[{"name":"wp","href":"https:\/\/api.w.org\/{rel}","templated":true}]}}