{"id":9100,"date":"2023-11-23T14:14:49","date_gmt":"2023-11-23T12:14:49","guid":{"rendered":"https:\/\/daiktaisuistorija.lt\/?post_type=product&#038;p=9100"},"modified":"2025-03-05T22:40:52","modified_gmt":"2025-03-05T20:40:52","slug":"vintazinis-perlu-verinys","status":"publish","type":"product","link":"https:\/\/daiktaisuistorija.lt\/lt\/produktas\/vintazinis-perlu-verinys\/","title":{"rendered":"Vinta\u017einis perl\u0173 v\u0117rinys"},"content":{"rendered":"<p>Dailus netikr\u0173 perl\u0173 v\u0117rinys, su stikliukais. Nuostabus ir vinta\u017einis v\u0117rinio u\u017esegimas. Atrodo labai prabangiai.<br>Ilgis 40cm.<br>B\u016bkl\u0117 -labai gera.<\/p>","protected":false},"excerpt":{"rendered":"<p>Dailus netikr\u0173 perl\u0173 v\u0117rinys, su stikliukais. Nuostabus ir vinta\u017einis v\u0117rinio u\u017esegimas. Atrodo labai prabangiai.Ilgis 40cm.B\u016bkl\u0117 -labai gera.<\/p>","protected":false},"featured_media":9101,"template":"","meta":[],"product_cat":[53,91,52],"product_tag":[],"class_list":["post-9100","product","type-product","status-publish","has-post-thumbnail","hentry","product_cat-aksesuarai","product_cat-naujos-prekes","product_cat-visi-daiktai"],"_links":{"self":[{"href":"https:\/\/daiktaisuistorija.lt\/lt\/wp-json\/wp\/v2\/product\/9100","targetHints":{"allow":["GET"]}}],"collection":[{"href":"https:\/\/daiktaisuistorija.lt\/lt\/wp-json\/wp\/v2\/product"}],"about":[{"href":"https:\/\/daiktaisuistorija.lt\/lt\/wp-json\/wp\/v2\/types\/product"}],"wp:featuredmedia":[{"embeddable":true,"href":"https:\/\/daiktaisuistorija.lt\/lt\/wp-json\/wp\/v2\/media\/9101"}],"wp:attachment":[{"href":"https:\/\/daiktaisuistorija.lt\/lt\/wp-json\/wp\/v2\/media?parent=9100"}],"wp:term":[{"taxonomy":"product_cat","embeddable":true,"href":"https:\/\/daiktaisuistorija.lt\/lt\/wp-json\/wp\/v2\/product_cat?post=9100"},{"taxonomy":"product_tag","embeddable":true,"href":"https:\/\/daiktaisuistorija.lt\/lt\/wp-json\/wp\/v2\/product_tag?post=9100"}],"curies":[{"name":"wp","href":"https:\/\/api.w.org\/{rel}","templated":true}]}}