{"id":9107,"date":"2023-11-23T14:27:55","date_gmt":"2023-11-23T12:27:55","guid":{"rendered":"https:\/\/daiktaisuistorija.lt\/?post_type=product&#038;p=9107"},"modified":"2023-11-30T06:53:28","modified_gmt":"2023-11-30T04:53:28","slug":"grandinele-su-pakabuku-kriauklyte","status":"publish","type":"product","link":"https:\/\/daiktaisuistorija.lt\/lt\/produktas\/grandinele-su-pakabuku-kriauklyte\/","title":{"rendered":"Grandin\u0117l\u0117 su pakabuku &#8220;Kriauklyt\u0117&#8221;"},"content":{"rendered":"<p>Jau \u012fsivaizduojame, koks tai bus subtilus akcentas ant j\u016bs\u0173 juodo golfo ar nery\u0161kaus megztuko \ud83d\ude42<br>Ilgis su pakabuku 28cm.<br>Ilgis be pakabuko 24cm.<br>B\u016bkl\u0117 &#8211; labai gera. Ne\u017eym\u016bs kriauklyt\u0117s pasitrynimai.<\/p>","protected":false},"excerpt":{"rendered":"<p>Jau \u012fsivaizduojame, koks tai bus subtilus akcentas ant j\u016bs\u0173 juodo golfo ar nery\u0161kaus megztuko \ud83d\ude42Ilgis su pakabuku 28cm.Ilgis be pakabuko 24cm.B\u016bkl\u0117 &#8211; labai gera. Ne\u017eym\u016bs kriauklyt\u0117s pasitrynimai.<\/p>","protected":false},"featured_media":9113,"template":"","meta":[],"product_cat":[53,91,52],"product_tag":[],"class_list":["post-9107","product","type-product","status-publish","has-post-thumbnail","hentry","product_cat-aksesuarai","product_cat-naujos-prekes","product_cat-visi-daiktai"],"_links":{"self":[{"href":"https:\/\/daiktaisuistorija.lt\/lt\/wp-json\/wp\/v2\/product\/9107","targetHints":{"allow":["GET"]}}],"collection":[{"href":"https:\/\/daiktaisuistorija.lt\/lt\/wp-json\/wp\/v2\/product"}],"about":[{"href":"https:\/\/daiktaisuistorija.lt\/lt\/wp-json\/wp\/v2\/types\/product"}],"wp:featuredmedia":[{"embeddable":true,"href":"https:\/\/daiktaisuistorija.lt\/lt\/wp-json\/wp\/v2\/media\/9113"}],"wp:attachment":[{"href":"https:\/\/daiktaisuistorija.lt\/lt\/wp-json\/wp\/v2\/media?parent=9107"}],"wp:term":[{"taxonomy":"product_cat","embeddable":true,"href":"https:\/\/daiktaisuistorija.lt\/lt\/wp-json\/wp\/v2\/product_cat?post=9107"},{"taxonomy":"product_tag","embeddable":true,"href":"https:\/\/daiktaisuistorija.lt\/lt\/wp-json\/wp\/v2\/product_tag?post=9107"}],"curies":[{"name":"wp","href":"https:\/\/api.w.org\/{rel}","templated":true}]}}