{"id":9117,"date":"2023-11-23T14:40:34","date_gmt":"2023-11-23T12:40:34","guid":{"rendered":"https:\/\/daiktaisuistorija.lt\/?post_type=product&#038;p=9117"},"modified":"2023-12-02T15:32:58","modified_gmt":"2023-12-02T13:32:58","slug":"tikru-perlu-sege","status":"publish","type":"product","link":"https:\/\/daiktaisuistorija.lt\/lt\/produktas\/tikru-perlu-sege\/","title":{"rendered":"Tikr\u0173 perl\u0173 seg\u0117"},"content":{"rendered":"<p>Meni\u0161kai sielai skirta \u0161i nuostabioji  spalvot\u0173 nat\u016brali\u0173 perl\u0173 seg\u0117.<\/p>\n\n\n\n<p>I\u0161matavimai 5x4cm<br>B\u016bkl\u0117 &#8211; labai gera.<\/p>","protected":false},"excerpt":{"rendered":"<p>Meni\u0161kai sielai skirta \u0161i nuostabioji spalvot\u0173 nat\u016brali\u0173 perl\u0173 seg\u0117. I\u0161matavimai 5x4cmB\u016bkl\u0117 &#8211; labai gera.<\/p>","protected":false},"featured_media":9121,"template":"","meta":[],"product_cat":[53,91,52],"product_tag":[],"class_list":["post-9117","product","type-product","status-publish","has-post-thumbnail","hentry","product_cat-aksesuarai","product_cat-naujos-prekes","product_cat-visi-daiktai"],"_links":{"self":[{"href":"https:\/\/daiktaisuistorija.lt\/lt\/wp-json\/wp\/v2\/product\/9117","targetHints":{"allow":["GET"]}}],"collection":[{"href":"https:\/\/daiktaisuistorija.lt\/lt\/wp-json\/wp\/v2\/product"}],"about":[{"href":"https:\/\/daiktaisuistorija.lt\/lt\/wp-json\/wp\/v2\/types\/product"}],"wp:featuredmedia":[{"embeddable":true,"href":"https:\/\/daiktaisuistorija.lt\/lt\/wp-json\/wp\/v2\/media\/9121"}],"wp:attachment":[{"href":"https:\/\/daiktaisuistorija.lt\/lt\/wp-json\/wp\/v2\/media?parent=9117"}],"wp:term":[{"taxonomy":"product_cat","embeddable":true,"href":"https:\/\/daiktaisuistorija.lt\/lt\/wp-json\/wp\/v2\/product_cat?post=9117"},{"taxonomy":"product_tag","embeddable":true,"href":"https:\/\/daiktaisuistorija.lt\/lt\/wp-json\/wp\/v2\/product_tag?post=9117"}],"curies":[{"name":"wp","href":"https:\/\/api.w.org\/{rel}","templated":true}]}}