{"id":9123,"date":"2023-11-23T14:46:53","date_gmt":"2023-11-23T12:46:53","guid":{"rendered":"https:\/\/daiktaisuistorija.lt\/?post_type=product&#038;p=9123"},"modified":"2023-11-23T14:46:55","modified_gmt":"2023-11-23T12:46:55","slug":"pasidabruoti-auskarai","status":"publish","type":"product","link":"https:\/\/daiktaisuistorija.lt\/lt\/produktas\/pasidabruoti-auskarai\/","title":{"rendered":"Pasidabruoti auskarai"},"content":{"rendered":"<p><br>Auskar\u0173 ilgis 5cm.<\/p>\n\n\n\n<p>B\u016bkl\u0117 &#8211; puiki (galimai nauji).<\/p>","protected":false},"excerpt":{"rendered":"<p>Auskar\u0173 ilgis 5cm. B\u016bkl\u0117 &#8211; puiki (galimai nauji).<\/p>","protected":false},"featured_media":9126,"template":"","meta":[],"product_cat":[53,91,52],"product_tag":[],"class_list":["post-9123","product","type-product","status-publish","has-post-thumbnail","hentry","product_cat-aksesuarai","product_cat-naujos-prekes","product_cat-visi-daiktai"],"_links":{"self":[{"href":"https:\/\/daiktaisuistorija.lt\/lt\/wp-json\/wp\/v2\/product\/9123","targetHints":{"allow":["GET"]}}],"collection":[{"href":"https:\/\/daiktaisuistorija.lt\/lt\/wp-json\/wp\/v2\/product"}],"about":[{"href":"https:\/\/daiktaisuistorija.lt\/lt\/wp-json\/wp\/v2\/types\/product"}],"wp:featuredmedia":[{"embeddable":true,"href":"https:\/\/daiktaisuistorija.lt\/lt\/wp-json\/wp\/v2\/media\/9126"}],"wp:attachment":[{"href":"https:\/\/daiktaisuistorija.lt\/lt\/wp-json\/wp\/v2\/media?parent=9123"}],"wp:term":[{"taxonomy":"product_cat","embeddable":true,"href":"https:\/\/daiktaisuistorija.lt\/lt\/wp-json\/wp\/v2\/product_cat?post=9123"},{"taxonomy":"product_tag","embeddable":true,"href":"https:\/\/daiktaisuistorija.lt\/lt\/wp-json\/wp\/v2\/product_tag?post=9123"}],"curies":[{"name":"wp","href":"https:\/\/api.w.org\/{rel}","templated":true}]}}