{"id":9129,"date":"2023-11-23T14:56:10","date_gmt":"2023-11-23T12:56:10","guid":{"rendered":"https:\/\/daiktaisuistorija.lt\/?post_type=product&#038;p=9129"},"modified":"2024-02-15T01:00:19","modified_gmt":"2024-02-14T23:00:19","slug":"nuostabioji-rhinestone-sege","status":"publish","type":"product","link":"https:\/\/daiktaisuistorija.lt\/lt\/produktas\/nuostabioji-rhinestone-sege\/","title":{"rendered":"Nuostabioji rhinestone seg\u0117"},"content":{"rendered":"<p>Vinta\u017ein\u0117 kaspini formos seg\u0117.<br>Puikiai der\u0117s su rhinestone klipsais (\u017ei\u016br\u0117ti kategorijoje &#8220;Aksesuarai&#8221;).<\/p>\n\n\n\n<p>Dydis 3,5x5cm<br>B\u016bkl\u0117 &#8211; puiki.<\/p>","protected":false},"excerpt":{"rendered":"<p>Vinta\u017ein\u0117 kaspini formos seg\u0117.Puikiai der\u0117s su rhinestone klipsais (\u017ei\u016br\u0117ti kategorijoje &#8220;Aksesuarai&#8221;). Dydis 3,5x5cmB\u016bkl\u0117 &#8211; puiki.<\/p>","protected":false},"featured_media":9132,"template":"","meta":[],"product_cat":[53,91,52],"product_tag":[],"class_list":["post-9129","product","type-product","status-publish","has-post-thumbnail","hentry","product_cat-aksesuarai","product_cat-naujos-prekes","product_cat-visi-daiktai"],"_links":{"self":[{"href":"https:\/\/daiktaisuistorija.lt\/lt\/wp-json\/wp\/v2\/product\/9129","targetHints":{"allow":["GET"]}}],"collection":[{"href":"https:\/\/daiktaisuistorija.lt\/lt\/wp-json\/wp\/v2\/product"}],"about":[{"href":"https:\/\/daiktaisuistorija.lt\/lt\/wp-json\/wp\/v2\/types\/product"}],"wp:featuredmedia":[{"embeddable":true,"href":"https:\/\/daiktaisuistorija.lt\/lt\/wp-json\/wp\/v2\/media\/9132"}],"wp:attachment":[{"href":"https:\/\/daiktaisuistorija.lt\/lt\/wp-json\/wp\/v2\/media?parent=9129"}],"wp:term":[{"taxonomy":"product_cat","embeddable":true,"href":"https:\/\/daiktaisuistorija.lt\/lt\/wp-json\/wp\/v2\/product_cat?post=9129"},{"taxonomy":"product_tag","embeddable":true,"href":"https:\/\/daiktaisuistorija.lt\/lt\/wp-json\/wp\/v2\/product_tag?post=9129"}],"curies":[{"name":"wp","href":"https:\/\/api.w.org\/{rel}","templated":true}]}}