{"id":9134,"date":"2023-11-23T15:11:29","date_gmt":"2023-11-23T13:11:29","guid":{"rendered":"https:\/\/daiktaisuistorija.lt\/?post_type=product&#038;p=9134"},"modified":"2024-01-04T17:03:23","modified_gmt":"2024-01-04T15:03:23","slug":"vintazine-sege-geles-ziedas","status":"publish","type":"product","link":"https:\/\/daiktaisuistorija.lt\/lt\/produktas\/vintazine-sege-geles-ziedas\/","title":{"rendered":"Vinta\u017ein\u0117 seg\u0117 &#8220;G\u0117l\u0117s \u017eiedas&#8221;"},"content":{"rendered":"<p>Jeigu norite atrodyti ir jausti ypatingai &#8211; tuomet \u0161i seg\u0117 b\u016btent jums!<br>Nors perliukai dirbtiniai ir m\u0117lynos akut\u0117s ne briliantai &#8211; nuo to \u0161i seg\u0117 nenustoja b\u016bti ma\u017eiau patrauklesn\u0117.<\/p>\n\n\n\n<p>Seg\u0117s skersmuo 5cm.<br>B\u016bkl\u0117 &#8211; puiki.<\/p>","protected":false},"excerpt":{"rendered":"<p>Jeigu norite atrodyti ir jausti ypatingai &#8211; tuomet \u0161i seg\u0117 b\u016btent jums!Nors perliukai dirbtiniai ir m\u0117lynos akut\u0117s ne briliantai &#8211; nuo to \u0161i seg\u0117 nenustoja b\u016bti ma\u017eiau patrauklesn\u0117. Seg\u0117s skersmuo 5cm.B\u016bkl\u0117 &#8211; puiki.<\/p>","protected":false},"featured_media":9137,"template":"","meta":[],"product_cat":[53,91,52],"product_tag":[],"class_list":["post-9134","product","type-product","status-publish","has-post-thumbnail","hentry","product_cat-aksesuarai","product_cat-naujos-prekes","product_cat-visi-daiktai"],"_links":{"self":[{"href":"https:\/\/daiktaisuistorija.lt\/lt\/wp-json\/wp\/v2\/product\/9134","targetHints":{"allow":["GET"]}}],"collection":[{"href":"https:\/\/daiktaisuistorija.lt\/lt\/wp-json\/wp\/v2\/product"}],"about":[{"href":"https:\/\/daiktaisuistorija.lt\/lt\/wp-json\/wp\/v2\/types\/product"}],"wp:featuredmedia":[{"embeddable":true,"href":"https:\/\/daiktaisuistorija.lt\/lt\/wp-json\/wp\/v2\/media\/9137"}],"wp:attachment":[{"href":"https:\/\/daiktaisuistorija.lt\/lt\/wp-json\/wp\/v2\/media?parent=9134"}],"wp:term":[{"taxonomy":"product_cat","embeddable":true,"href":"https:\/\/daiktaisuistorija.lt\/lt\/wp-json\/wp\/v2\/product_cat?post=9134"},{"taxonomy":"product_tag","embeddable":true,"href":"https:\/\/daiktaisuistorija.lt\/lt\/wp-json\/wp\/v2\/product_tag?post=9134"}],"curies":[{"name":"wp","href":"https:\/\/api.w.org\/{rel}","templated":true}]}}