{"id":9139,"date":"2023-11-23T15:21:56","date_gmt":"2023-11-23T13:21:56","guid":{"rendered":"https:\/\/daiktaisuistorija.lt\/?post_type=product&#038;p=9139"},"modified":"2023-11-26T12:32:27","modified_gmt":"2023-11-26T10:32:27","slug":"vintazine-sege-su-zalia-keramikos-akyte","status":"publish","type":"product","link":"https:\/\/daiktaisuistorija.lt\/lt\/produktas\/vintazine-sege-su-zalia-keramikos-akyte\/","title":{"rendered":"Vinta\u017ein\u0117 seg\u0117 su \u017ealia keramikos akimi"},"content":{"rendered":"<p>Pama\u010dius \u0161i\u0105 seg\u0119, pirmi \u017eod\u017eiai, kurie ateina \u012f galv\u0105 &#8211; tai elegancija, grak\u0161tumas, puo\u0161numas. B\u016btent taip mums norisi apib\u016btinti \u0161i\u0105 gra\u017euol\u0119 seg\u0119. <br>Ir tai dar ne viskas! \u0160i seg\u0117 gali transformuotis \u012f pakabuk\u0105! (\u017er. nuotraukas)<br>I\u0161matavimai &#8211; 3x4cm<br>B\u016bkl\u0117 &#8211; labai gera.<\/p>","protected":false},"excerpt":{"rendered":"<p>Pama\u010dius \u0161i\u0105 seg\u0119, pirmi \u017eod\u017eiai, kurie ateina \u012f galv\u0105 &#8211; tai elegancija, grak\u0161tumas, puo\u0161numas. B\u016btent taip mums norisi apib\u016btinti \u0161i\u0105 gra\u017euol\u0119 seg\u0119. Ir tai dar ne viskas! \u0160i seg\u0117 gali transformuotis \u012f pakabuk\u0105! (\u017er. nuotraukas)I\u0161matavimai &#8211; 3x4cmB\u016bkl\u0117 &#8211; labai gera.<\/p>","protected":false},"featured_media":9144,"template":"","meta":[],"product_cat":[53,91,52],"product_tag":[],"class_list":["post-9139","product","type-product","status-publish","has-post-thumbnail","hentry","product_cat-aksesuarai","product_cat-naujos-prekes","product_cat-visi-daiktai"],"_links":{"self":[{"href":"https:\/\/daiktaisuistorija.lt\/lt\/wp-json\/wp\/v2\/product\/9139","targetHints":{"allow":["GET"]}}],"collection":[{"href":"https:\/\/daiktaisuistorija.lt\/lt\/wp-json\/wp\/v2\/product"}],"about":[{"href":"https:\/\/daiktaisuistorija.lt\/lt\/wp-json\/wp\/v2\/types\/product"}],"wp:featuredmedia":[{"embeddable":true,"href":"https:\/\/daiktaisuistorija.lt\/lt\/wp-json\/wp\/v2\/media\/9144"}],"wp:attachment":[{"href":"https:\/\/daiktaisuistorija.lt\/lt\/wp-json\/wp\/v2\/media?parent=9139"}],"wp:term":[{"taxonomy":"product_cat","embeddable":true,"href":"https:\/\/daiktaisuistorija.lt\/lt\/wp-json\/wp\/v2\/product_cat?post=9139"},{"taxonomy":"product_tag","embeddable":true,"href":"https:\/\/daiktaisuistorija.lt\/lt\/wp-json\/wp\/v2\/product_tag?post=9139"}],"curies":[{"name":"wp","href":"https:\/\/api.w.org\/{rel}","templated":true}]}}