{"id":9150,"date":"2023-12-05T17:29:10","date_gmt":"2023-12-05T15:29:10","guid":{"rendered":"https:\/\/daiktaisuistorija.lt\/?post_type=product&#038;p=9150"},"modified":"2024-10-20T21:24:04","modified_gmt":"2024-10-20T18:24:04","slug":"medvilnine-issiuvineta-staltiese","status":"publish","type":"product","link":"https:\/\/daiktaisuistorija.lt\/lt\/produktas\/medvilnine-issiuvineta-staltiese\/","title":{"rendered":"Medvilnin\u0117 i\u0161siuvin\u0117ta stalties\u0117"},"content":{"rendered":"<p>I\u0161matavimai- 107x109cm.<\/p>\n\n\n\n<p>B\u016bkl\u0117 &#8211; puiki.<\/p>","protected":false},"excerpt":{"rendered":"<p>I\u0161matavimai- 107x109cm. B\u016bkl\u0117 &#8211; puiki.<\/p>","protected":false},"featured_media":9153,"template":"","meta":[],"product_cat":[118,91,67,52],"product_tag":[],"class_list":["post-9150","product","type-product","status-publish","has-post-thumbnail","hentry","product_cat-kaledos","product_cat-naujos-prekes","product_cat-tekstile","product_cat-visi-daiktai"],"_links":{"self":[{"href":"https:\/\/daiktaisuistorija.lt\/lt\/wp-json\/wp\/v2\/product\/9150","targetHints":{"allow":["GET"]}}],"collection":[{"href":"https:\/\/daiktaisuistorija.lt\/lt\/wp-json\/wp\/v2\/product"}],"about":[{"href":"https:\/\/daiktaisuistorija.lt\/lt\/wp-json\/wp\/v2\/types\/product"}],"wp:featuredmedia":[{"embeddable":true,"href":"https:\/\/daiktaisuistorija.lt\/lt\/wp-json\/wp\/v2\/media\/9153"}],"wp:attachment":[{"href":"https:\/\/daiktaisuistorija.lt\/lt\/wp-json\/wp\/v2\/media?parent=9150"}],"wp:term":[{"taxonomy":"product_cat","embeddable":true,"href":"https:\/\/daiktaisuistorija.lt\/lt\/wp-json\/wp\/v2\/product_cat?post=9150"},{"taxonomy":"product_tag","embeddable":true,"href":"https:\/\/daiktaisuistorija.lt\/lt\/wp-json\/wp\/v2\/product_tag?post=9150"}],"curies":[{"name":"wp","href":"https:\/\/api.w.org\/{rel}","templated":true}]}}