{"id":9157,"date":"2023-12-05T18:33:37","date_gmt":"2023-12-05T16:33:37","guid":{"rendered":"https:\/\/daiktaisuistorija.lt\/?post_type=product&#038;p=9157"},"modified":"2025-11-11T13:26:34","modified_gmt":"2025-11-11T11:26:34","slug":"raudona-staltiese","status":"publish","type":"product","link":"https:\/\/daiktaisuistorija.lt\/lt\/produktas\/raudona-staltiese\/","title":{"rendered":"Raudona stalties\u0117"},"content":{"rendered":"<p>Medvilnin\u0117, \u0161venti\u0161ka stalties\u0117 bus tikra puo\u0161mena ant j\u016bs\u0173 kal\u0117dinio stalo.<\/p>\n\n\n\n<p>I\u0161matavimai &#8211; 110x158cm.<\/p>\n\n\n\n<p>B\u016bkl\u0117 &#8211; labai gera. Vienoje vietoje &#8220;pab\u0117g\u0119s si\u016blas&#8221;  (\u017er. nuotraukas).<\/p>","protected":false},"excerpt":{"rendered":"<p>Medvilnin\u0117, \u0161venti\u0161ka stalties\u0117 bus tikra puo\u0161mena ant j\u016bs\u0173 kal\u0117dinio stalo. I\u0161matavimai &#8211; 110x158cm. B\u016bkl\u0117 &#8211; labai gera. Vienoje vietoje &#8220;pab\u0117g\u0119s si\u016blas&#8221; (\u017er. nuotraukas).<\/p>","protected":false},"featured_media":9158,"template":"","meta":[],"product_cat":[118,67,52],"product_tag":[],"class_list":["post-9157","product","type-product","status-publish","has-post-thumbnail","hentry","product_cat-kaledos","product_cat-tekstile","product_cat-visi-daiktai"],"_links":{"self":[{"href":"https:\/\/daiktaisuistorija.lt\/lt\/wp-json\/wp\/v2\/product\/9157","targetHints":{"allow":["GET"]}}],"collection":[{"href":"https:\/\/daiktaisuistorija.lt\/lt\/wp-json\/wp\/v2\/product"}],"about":[{"href":"https:\/\/daiktaisuistorija.lt\/lt\/wp-json\/wp\/v2\/types\/product"}],"wp:featuredmedia":[{"embeddable":true,"href":"https:\/\/daiktaisuistorija.lt\/lt\/wp-json\/wp\/v2\/media\/9158"}],"wp:attachment":[{"href":"https:\/\/daiktaisuistorija.lt\/lt\/wp-json\/wp\/v2\/media?parent=9157"}],"wp:term":[{"taxonomy":"product_cat","embeddable":true,"href":"https:\/\/daiktaisuistorija.lt\/lt\/wp-json\/wp\/v2\/product_cat?post=9157"},{"taxonomy":"product_tag","embeddable":true,"href":"https:\/\/daiktaisuistorija.lt\/lt\/wp-json\/wp\/v2\/product_tag?post=9157"}],"curies":[{"name":"wp","href":"https:\/\/api.w.org\/{rel}","templated":true}]}}