{"id":9163,"date":"2023-12-05T18:41:22","date_gmt":"2023-12-05T16:41:22","guid":{"rendered":"https:\/\/daiktaisuistorija.lt\/?post_type=product&#038;p=9163"},"modified":"2023-12-08T15:45:07","modified_gmt":"2023-12-08T13:45:07","slug":"linine-didele-staltiese","status":"publish","type":"product","link":"https:\/\/daiktaisuistorija.lt\/lt\/produktas\/linine-didele-staltiese\/","title":{"rendered":"Linin\u0117 didel\u0117 stalties\u0117"},"content":{"rendered":"<p>Med\u017eiaga &#8211; linas. I\u0161siuvin\u0117ta \u0161ilkiniais si\u016blais.<\/p>\n\n\n\n<p>I\u0161matavimai 116x192cm<\/p>\n\n\n\n<p>B\u016bkl\u0117 &#8211; labai gera.<\/p>","protected":false},"excerpt":{"rendered":"<p>Med\u017eiaga &#8211; linas. I\u0161siuvin\u0117ta \u0161ilkiniais si\u016blais. I\u0161matavimai 116x192cm B\u016bkl\u0117 &#8211; labai gera.<\/p>","protected":false},"featured_media":9165,"template":"","meta":[],"product_cat":[118,91,67,52],"product_tag":[],"class_list":["post-9163","product","type-product","status-publish","has-post-thumbnail","hentry","product_cat-kaledos","product_cat-naujos-prekes","product_cat-tekstile","product_cat-visi-daiktai"],"_links":{"self":[{"href":"https:\/\/daiktaisuistorija.lt\/lt\/wp-json\/wp\/v2\/product\/9163","targetHints":{"allow":["GET"]}}],"collection":[{"href":"https:\/\/daiktaisuistorija.lt\/lt\/wp-json\/wp\/v2\/product"}],"about":[{"href":"https:\/\/daiktaisuistorija.lt\/lt\/wp-json\/wp\/v2\/types\/product"}],"wp:featuredmedia":[{"embeddable":true,"href":"https:\/\/daiktaisuistorija.lt\/lt\/wp-json\/wp\/v2\/media\/9165"}],"wp:attachment":[{"href":"https:\/\/daiktaisuistorija.lt\/lt\/wp-json\/wp\/v2\/media?parent=9163"}],"wp:term":[{"taxonomy":"product_cat","embeddable":true,"href":"https:\/\/daiktaisuistorija.lt\/lt\/wp-json\/wp\/v2\/product_cat?post=9163"},{"taxonomy":"product_tag","embeddable":true,"href":"https:\/\/daiktaisuistorija.lt\/lt\/wp-json\/wp\/v2\/product_tag?post=9163"}],"curies":[{"name":"wp","href":"https:\/\/api.w.org\/{rel}","templated":true}]}}