{"id":9172,"date":"2023-12-05T18:58:04","date_gmt":"2023-12-05T16:58:04","guid":{"rendered":"https:\/\/daiktaisuistorija.lt\/?post_type=product&#038;p=9172"},"modified":"2023-12-08T15:45:07","modified_gmt":"2023-12-08T13:45:07","slug":"staltiese-su-sventiska-dvasia","status":"publish","type":"product","link":"https:\/\/daiktaisuistorija.lt\/lt\/produktas\/staltiese-su-sventiska-dvasia\/","title":{"rendered":"Stalties\u0117 su \u0161venti\u0161ka dvasia"},"content":{"rendered":"<p>Medvilnin\u0117 stalties\u0117 su i\u0161siuvin\u0117tais kra\u0161tais.<br>I\u0161matavimai &#8211; 118x136cm.<\/p>\n\n\n\n<p>B\u016bkl\u0117 &#8211; labai gera.<\/p>","protected":false},"excerpt":{"rendered":"<p>Medvilnin\u0117 stalties\u0117 su i\u0161siuvin\u0117tais kra\u0161tais.I\u0161matavimai &#8211; 118x136cm. B\u016bkl\u0117 &#8211; labai gera.<\/p>","protected":false},"featured_media":9175,"template":"","meta":[],"product_cat":[118,91,67,52],"product_tag":[],"class_list":["post-9172","product","type-product","status-publish","has-post-thumbnail","hentry","product_cat-kaledos","product_cat-naujos-prekes","product_cat-tekstile","product_cat-visi-daiktai"],"_links":{"self":[{"href":"https:\/\/daiktaisuistorija.lt\/lt\/wp-json\/wp\/v2\/product\/9172","targetHints":{"allow":["GET"]}}],"collection":[{"href":"https:\/\/daiktaisuistorija.lt\/lt\/wp-json\/wp\/v2\/product"}],"about":[{"href":"https:\/\/daiktaisuistorija.lt\/lt\/wp-json\/wp\/v2\/types\/product"}],"wp:featuredmedia":[{"embeddable":true,"href":"https:\/\/daiktaisuistorija.lt\/lt\/wp-json\/wp\/v2\/media\/9175"}],"wp:attachment":[{"href":"https:\/\/daiktaisuistorija.lt\/lt\/wp-json\/wp\/v2\/media?parent=9172"}],"wp:term":[{"taxonomy":"product_cat","embeddable":true,"href":"https:\/\/daiktaisuistorija.lt\/lt\/wp-json\/wp\/v2\/product_cat?post=9172"},{"taxonomy":"product_tag","embeddable":true,"href":"https:\/\/daiktaisuistorija.lt\/lt\/wp-json\/wp\/v2\/product_tag?post=9172"}],"curies":[{"name":"wp","href":"https:\/\/api.w.org\/{rel}","templated":true}]}}