{"id":9180,"date":"2023-12-05T19:06:57","date_gmt":"2023-12-05T17:06:57","guid":{"rendered":"https:\/\/daiktaisuistorija.lt\/?post_type=product&#038;p=9180"},"modified":"2025-11-11T13:25:06","modified_gmt":"2025-11-11T11:25:06","slug":"puiki-kaledine-staltiese","status":"publish","type":"product","link":"https:\/\/daiktaisuistorija.lt\/lt\/produktas\/puiki-kaledine-staltiese\/","title":{"rendered":"Puiki kal\u0117din\u0117 stalties\u0117"},"content":{"rendered":"<p>Med\u017eiaga &#8211; medviln\u0117.<\/p>\n\n\n\n<p>I\u0161matavimai -118x120cm.<\/p>\n\n\n\n<p>B\u016bkl\u0117 &#8211; puiki.<\/p>","protected":false},"excerpt":{"rendered":"<p>Med\u017eiaga &#8211; medviln\u0117. I\u0161matavimai -118x120cm. B\u016bkl\u0117 &#8211; puiki.<\/p>","protected":false},"featured_media":9184,"template":"","meta":[],"product_cat":[118,91,67,52],"product_tag":[],"class_list":["post-9180","product","type-product","status-publish","has-post-thumbnail","hentry","product_cat-kaledos","product_cat-naujos-prekes","product_cat-tekstile","product_cat-visi-daiktai"],"_links":{"self":[{"href":"https:\/\/daiktaisuistorija.lt\/lt\/wp-json\/wp\/v2\/product\/9180","targetHints":{"allow":["GET"]}}],"collection":[{"href":"https:\/\/daiktaisuistorija.lt\/lt\/wp-json\/wp\/v2\/product"}],"about":[{"href":"https:\/\/daiktaisuistorija.lt\/lt\/wp-json\/wp\/v2\/types\/product"}],"wp:featuredmedia":[{"embeddable":true,"href":"https:\/\/daiktaisuistorija.lt\/lt\/wp-json\/wp\/v2\/media\/9184"}],"wp:attachment":[{"href":"https:\/\/daiktaisuistorija.lt\/lt\/wp-json\/wp\/v2\/media?parent=9180"}],"wp:term":[{"taxonomy":"product_cat","embeddable":true,"href":"https:\/\/daiktaisuistorija.lt\/lt\/wp-json\/wp\/v2\/product_cat?post=9180"},{"taxonomy":"product_tag","embeddable":true,"href":"https:\/\/daiktaisuistorija.lt\/lt\/wp-json\/wp\/v2\/product_tag?post=9180"}],"curies":[{"name":"wp","href":"https:\/\/api.w.org\/{rel}","templated":true}]}}