{"id":9192,"date":"2023-12-05T19:21:22","date_gmt":"2023-12-05T17:21:22","guid":{"rendered":"https:\/\/daiktaisuistorija.lt\/?post_type=product&#038;p=9192"},"modified":"2024-04-15T23:37:59","modified_gmt":"2024-04-15T20:37:59","slug":"dekoratyvine-pagalve-su-kutais","status":"publish","type":"product","link":"https:\/\/daiktaisuistorija.lt\/lt\/produktas\/dekoratyvine-pagalve-su-kutais\/","title":{"rendered":"Dekoratyvin\u0117 pagalv\u0117 su kutais"},"content":{"rendered":"<p>Natural\u016bs vilnos si\u016blai.<\/p>\n\n\n\n<p>I\u0161matavimai- 48x44cm<\/p>\n\n\n\n<p>B\u016bkl\u0117 &#8211; labai gera. Kai kur yra &#8220;i\u0161lind\u0119&#8221; si\u016blai (\u017ei\u016br\u0117ti nuotraukas).<\/p>","protected":false},"excerpt":{"rendered":"<p>Natural\u016bs vilnos si\u016blai. I\u0161matavimai- 48x44cm B\u016bkl\u0117 &#8211; labai gera. Kai kur yra &#8220;i\u0161lind\u0119&#8221; si\u016blai (\u017ei\u016br\u0117ti nuotraukas).<\/p>","protected":false},"featured_media":9194,"template":"","meta":[],"product_cat":[84,115,91,67,52],"product_tag":[],"class_list":["post-9192","product","type-product","status-publish","has-post-thumbnail","hentry","product_cat-ispardavimas","product_cat-kitos-interjero-detales","product_cat-naujos-prekes","product_cat-tekstile","product_cat-visi-daiktai"],"_links":{"self":[{"href":"https:\/\/daiktaisuistorija.lt\/lt\/wp-json\/wp\/v2\/product\/9192","targetHints":{"allow":["GET"]}}],"collection":[{"href":"https:\/\/daiktaisuistorija.lt\/lt\/wp-json\/wp\/v2\/product"}],"about":[{"href":"https:\/\/daiktaisuistorija.lt\/lt\/wp-json\/wp\/v2\/types\/product"}],"wp:featuredmedia":[{"embeddable":true,"href":"https:\/\/daiktaisuistorija.lt\/lt\/wp-json\/wp\/v2\/media\/9194"}],"wp:attachment":[{"href":"https:\/\/daiktaisuistorija.lt\/lt\/wp-json\/wp\/v2\/media?parent=9192"}],"wp:term":[{"taxonomy":"product_cat","embeddable":true,"href":"https:\/\/daiktaisuistorija.lt\/lt\/wp-json\/wp\/v2\/product_cat?post=9192"},{"taxonomy":"product_tag","embeddable":true,"href":"https:\/\/daiktaisuistorija.lt\/lt\/wp-json\/wp\/v2\/product_tag?post=9192"}],"curies":[{"name":"wp","href":"https:\/\/api.w.org\/{rel}","templated":true}]}}