{"id":9200,"date":"2023-12-08T16:14:11","date_gmt":"2023-12-08T14:14:11","guid":{"rendered":"https:\/\/daiktaisuistorija.lt\/?post_type=product&#038;p=9200"},"modified":"2025-12-19T16:30:31","modified_gmt":"2025-12-19T14:30:31","slug":"pasidabruota-zvakide","status":"publish","type":"product","link":"https:\/\/daiktaisuistorija.lt\/lt\/produktas\/pasidabruota-zvakide\/","title":{"rendered":"Pasidabruota \u017evakid\u0117"},"content":{"rendered":"<p>\u017dvakid\u0117 i\u0161valyta, paruo\u0161ta naudojimui.<br>Auk\u0161tis 25cm.<br>B\u016bkl\u0117 &#8211; labai gera, minimal\u016bs naudojimo po\u017eymiai.<\/p>","protected":false},"excerpt":{"rendered":"<p>\u017dvakid\u0117 i\u0161valyta, paruo\u0161ta naudojimui.Auk\u0161tis 25cm.B\u016bkl\u0117 &#8211; labai gera, minimal\u016bs naudojimo po\u017eymiai.<\/p>","protected":false},"featured_media":9205,"template":"","meta":[],"product_cat":[84,118,91,52,70],"product_tag":[],"class_list":["post-9200","product","type-product","status-publish","has-post-thumbnail","hentry","product_cat-ispardavimas","product_cat-kaledos","product_cat-naujos-prekes","product_cat-visi-daiktai","product_cat-zvakides-ir-sviestuvai"],"_links":{"self":[{"href":"https:\/\/daiktaisuistorija.lt\/lt\/wp-json\/wp\/v2\/product\/9200","targetHints":{"allow":["GET"]}}],"collection":[{"href":"https:\/\/daiktaisuistorija.lt\/lt\/wp-json\/wp\/v2\/product"}],"about":[{"href":"https:\/\/daiktaisuistorija.lt\/lt\/wp-json\/wp\/v2\/types\/product"}],"wp:featuredmedia":[{"embeddable":true,"href":"https:\/\/daiktaisuistorija.lt\/lt\/wp-json\/wp\/v2\/media\/9205"}],"wp:attachment":[{"href":"https:\/\/daiktaisuistorija.lt\/lt\/wp-json\/wp\/v2\/media?parent=9200"}],"wp:term":[{"taxonomy":"product_cat","embeddable":true,"href":"https:\/\/daiktaisuistorija.lt\/lt\/wp-json\/wp\/v2\/product_cat?post=9200"},{"taxonomy":"product_tag","embeddable":true,"href":"https:\/\/daiktaisuistorija.lt\/lt\/wp-json\/wp\/v2\/product_tag?post=9200"}],"curies":[{"name":"wp","href":"https:\/\/api.w.org\/{rel}","templated":true}]}}