{"id":9222,"date":"2023-12-11T21:50:43","date_gmt":"2023-12-11T19:50:43","guid":{"rendered":"https:\/\/daiktaisuistorija.lt\/?post_type=product&#038;p=9222"},"modified":"2024-05-25T22:39:42","modified_gmt":"2024-05-25T19:39:42","slug":"spode-prieskonine","status":"publish","type":"product","link":"https:\/\/daiktaisuistorija.lt\/lt\/produktas\/spode-prieskonine\/","title":{"rendered":"Spode prieskonin\u0117"},"content":{"rendered":"<p>Puikios b\u016bkl\u0117s Spode gamintojo pipirin\u0117-druskin\u0117.<\/p>\n\n\n\n<p>Auk\u0161tis 7cm.<\/p>","protected":false},"excerpt":{"rendered":"<p>Puikios b\u016bkl\u0117s Spode gamintojo pipirin\u0117-druskin\u0117. Auk\u0161tis 7cm.<\/p>","protected":false},"featured_media":9223,"template":"","meta":[],"product_cat":[118,76,52],"product_tag":[],"class_list":["post-9222","product","type-product","status-publish","has-post-thumbnail","hentry","product_cat-kaledos","product_cat-prieskonines-ir-padazines","product_cat-visi-daiktai"],"_links":{"self":[{"href":"https:\/\/daiktaisuistorija.lt\/lt\/wp-json\/wp\/v2\/product\/9222","targetHints":{"allow":["GET"]}}],"collection":[{"href":"https:\/\/daiktaisuistorija.lt\/lt\/wp-json\/wp\/v2\/product"}],"about":[{"href":"https:\/\/daiktaisuistorija.lt\/lt\/wp-json\/wp\/v2\/types\/product"}],"wp:featuredmedia":[{"embeddable":true,"href":"https:\/\/daiktaisuistorija.lt\/lt\/wp-json\/wp\/v2\/media\/9223"}],"wp:attachment":[{"href":"https:\/\/daiktaisuistorija.lt\/lt\/wp-json\/wp\/v2\/media?parent=9222"}],"wp:term":[{"taxonomy":"product_cat","embeddable":true,"href":"https:\/\/daiktaisuistorija.lt\/lt\/wp-json\/wp\/v2\/product_cat?post=9222"},{"taxonomy":"product_tag","embeddable":true,"href":"https:\/\/daiktaisuistorija.lt\/lt\/wp-json\/wp\/v2\/product_tag?post=9222"}],"curies":[{"name":"wp","href":"https:\/\/api.w.org\/{rel}","templated":true}]}}