{"id":9226,"date":"2023-12-11T22:02:18","date_gmt":"2023-12-11T20:02:18","guid":{"rendered":"https:\/\/daiktaisuistorija.lt\/?post_type=product&#038;p=9226"},"modified":"2024-08-15T12:15:58","modified_gmt":"2024-08-15T09:15:58","slug":"pasidabruotas-cukrines-ir-asotelio-rinkinys","status":"publish","type":"product","link":"https:\/\/daiktaisuistorija.lt\/lt\/produktas\/pasidabruotas-cukrines-ir-asotelio-rinkinys\/","title":{"rendered":"Pasidabruotas cukrin\u0117s ir \u0105sot\u0117lio rinkinys"},"content":{"rendered":"<p>Prabangus, nepakartojamo gro\u017eio trij\u0173 dali\u0173 komplektas. Stalo puo\u0161mena!<\/p>\n\n\n\n<p>Pad\u0117kliuko i\u0161matavimai: 23x14cm. <br>\u0104so\u010dio ir cukrin\u0117s auk\u0161tis 5cm.<\/p>\n\n\n\n<p>B\u016bkl\u0117 &#8211; labai gera. Rinkinys i\u0161valytas. Minimal\u016bs naudojimo po\u017eymiai. Ant pad\u0117kliuko lik\u0119 2 ta\u0161keliai, kuri\u0173 nepavyko i\u0161valyti (\u017er. nuotraukas).<\/p>","protected":false},"excerpt":{"rendered":"<p>Prabangus, nepakartojamo gro\u017eio trij\u0173 dali\u0173 komplektas. Stalo puo\u0161mena! Pad\u0117kliuko i\u0161matavimai: 23x14cm. \u0104so\u010dio ir cukrin\u0117s auk\u0161tis 5cm. B\u016bkl\u0117 &#8211; labai gera. Rinkinys i\u0161valytas. Minimal\u016bs naudojimo po\u017eymiai. Ant pad\u0117kliuko lik\u0119 2 ta\u0161keliai, kuri\u0173 nepavyko i\u0161valyti (\u017er. nuotraukas).<\/p>","protected":false},"featured_media":9230,"template":"","meta":[],"product_cat":[65,118,91,104,89,52],"product_tag":[],"class_list":["post-9226","product","type-product","status-publish","has-post-thumbnail","hentry","product_cat-asociai-ir-grafinai","product_cat-kaledos","product_cat-naujos-prekes","product_cat-saldainines-ledaines-cukrines","product_cat-servizai-ir-rinkiniai","product_cat-visi-daiktai"],"_links":{"self":[{"href":"https:\/\/daiktaisuistorija.lt\/lt\/wp-json\/wp\/v2\/product\/9226","targetHints":{"allow":["GET"]}}],"collection":[{"href":"https:\/\/daiktaisuistorija.lt\/lt\/wp-json\/wp\/v2\/product"}],"about":[{"href":"https:\/\/daiktaisuistorija.lt\/lt\/wp-json\/wp\/v2\/types\/product"}],"wp:featuredmedia":[{"embeddable":true,"href":"https:\/\/daiktaisuistorija.lt\/lt\/wp-json\/wp\/v2\/media\/9230"}],"wp:attachment":[{"href":"https:\/\/daiktaisuistorija.lt\/lt\/wp-json\/wp\/v2\/media?parent=9226"}],"wp:term":[{"taxonomy":"product_cat","embeddable":true,"href":"https:\/\/daiktaisuistorija.lt\/lt\/wp-json\/wp\/v2\/product_cat?post=9226"},{"taxonomy":"product_tag","embeddable":true,"href":"https:\/\/daiktaisuistorija.lt\/lt\/wp-json\/wp\/v2\/product_tag?post=9226"}],"curies":[{"name":"wp","href":"https:\/\/api.w.org\/{rel}","templated":true}]}}