{"id":9235,"date":"2023-12-11T22:17:44","date_gmt":"2023-12-11T20:17:44","guid":{"rendered":"https:\/\/daiktaisuistorija.lt\/?post_type=product&#038;p=9235"},"modified":"2024-04-15T23:38:00","modified_gmt":"2024-04-15T20:38:00","slug":"pakabinamas-paveikslelis-angelas","status":"publish","type":"product","link":"https:\/\/daiktaisuistorija.lt\/lt\/produktas\/pakabinamas-paveikslelis-angelas\/","title":{"rendered":"Pakabinamas paveiksl\u0117lis &#8220;Angelas&#8221;"},"content":{"rendered":"<p>Ant keramikinio pavir\u0161iaus perkeltas \u017eymaus italo tapytojo Melocas Forlietis k\u016brinys &#8220;Angelas&#8221; (pats paveiklas buvo nutapytas apie 1480m, Vatikane), patraukiantis savo grak\u0161tumu ir gro\u017eiu. Tais laikais da\u017enai menininkai buvo \u012fkvepti tapyti grojan\u010dius angelus su lutniomis.<\/p>\n\n\n\n<p>Paveiksliuko i\u0161matavimai: 9&#215;12,5cm.<\/p>\n\n\n\n<p>B\u016bkl\u0117 &#8211; labai gera\/puiki.<\/p>","protected":false},"excerpt":{"rendered":"<p>Ant keramikinio pavir\u0161iaus perkeltas \u017eymaus italo tapytojo Melocas Forlietis k\u016brinys &#8220;Angelas&#8221; (pats paveiklas buvo nutapytas apie 1480m, Vatikane), patraukiantis savo grak\u0161tumu ir gro\u017eiu. Tais laikais da\u017enai menininkai buvo \u012fkvepti tapyti grojan\u010dius angelus su lutniomis. Paveiksliuko i\u0161matavimai: 9&#215;12,5cm. B\u016bkl\u0117 &#8211; labai gera\/puiki.<\/p>","protected":false},"featured_media":9238,"template":"","meta":[],"product_cat":[84,118,91,79,52],"product_tag":[],"class_list":["post-9235","product","type-product","status-publish","has-post-thumbnail","hentry","product_cat-ispardavimas","product_cat-kaledos","product_cat-naujos-prekes","product_cat-paveikslai","product_cat-visi-daiktai"],"_links":{"self":[{"href":"https:\/\/daiktaisuistorija.lt\/lt\/wp-json\/wp\/v2\/product\/9235","targetHints":{"allow":["GET"]}}],"collection":[{"href":"https:\/\/daiktaisuistorija.lt\/lt\/wp-json\/wp\/v2\/product"}],"about":[{"href":"https:\/\/daiktaisuistorija.lt\/lt\/wp-json\/wp\/v2\/types\/product"}],"wp:featuredmedia":[{"embeddable":true,"href":"https:\/\/daiktaisuistorija.lt\/lt\/wp-json\/wp\/v2\/media\/9238"}],"wp:attachment":[{"href":"https:\/\/daiktaisuistorija.lt\/lt\/wp-json\/wp\/v2\/media?parent=9235"}],"wp:term":[{"taxonomy":"product_cat","embeddable":true,"href":"https:\/\/daiktaisuistorija.lt\/lt\/wp-json\/wp\/v2\/product_cat?post=9235"},{"taxonomy":"product_tag","embeddable":true,"href":"https:\/\/daiktaisuistorija.lt\/lt\/wp-json\/wp\/v2\/product_tag?post=9235"}],"curies":[{"name":"wp","href":"https:\/\/api.w.org\/{rel}","templated":true}]}}