{"id":9244,"date":"2023-12-14T17:30:13","date_gmt":"2023-12-14T15:30:13","guid":{"rendered":"https:\/\/daiktaisuistorija.lt\/?post_type=product&#038;p=9244"},"modified":"2025-02-12T21:38:15","modified_gmt":"2025-02-12T19:38:15","slug":"porcelianinis-varpelis-paukstelis","status":"publish","type":"product","link":"https:\/\/daiktaisuistorija.lt\/lt\/produktas\/porcelianinis-varpelis-paukstelis\/","title":{"rendered":"Porcelianinis varpelis &#8220;Pauk\u0161telis&#8221;"},"content":{"rendered":"<p>Auk\u0161tis 12cm.<br>Skersmuo 7cm.<br>B\u016bkl\u0117 &#8211; labai gera.<\/p>","protected":false},"excerpt":{"rendered":"<p>Auk\u0161tis 12cm.Skersmuo 7cm.B\u016bkl\u0117 &#8211; labai gera.<\/p>","protected":false},"featured_media":9247,"template":"","meta":[],"product_cat":[93,118,115,78,52],"product_tag":[],"class_list":["post-9244","product","type-product","status-publish","has-post-thumbnail","hentry","product_cat-interjero-detales","product_cat-kaledos","product_cat-kitos-interjero-detales","product_cat-statuleles-ir-ivairios-dekoracijos","product_cat-visi-daiktai"],"_links":{"self":[{"href":"https:\/\/daiktaisuistorija.lt\/lt\/wp-json\/wp\/v2\/product\/9244","targetHints":{"allow":["GET"]}}],"collection":[{"href":"https:\/\/daiktaisuistorija.lt\/lt\/wp-json\/wp\/v2\/product"}],"about":[{"href":"https:\/\/daiktaisuistorija.lt\/lt\/wp-json\/wp\/v2\/types\/product"}],"wp:featuredmedia":[{"embeddable":true,"href":"https:\/\/daiktaisuistorija.lt\/lt\/wp-json\/wp\/v2\/media\/9247"}],"wp:attachment":[{"href":"https:\/\/daiktaisuistorija.lt\/lt\/wp-json\/wp\/v2\/media?parent=9244"}],"wp:term":[{"taxonomy":"product_cat","embeddable":true,"href":"https:\/\/daiktaisuistorija.lt\/lt\/wp-json\/wp\/v2\/product_cat?post=9244"},{"taxonomy":"product_tag","embeddable":true,"href":"https:\/\/daiktaisuistorija.lt\/lt\/wp-json\/wp\/v2\/product_tag?post=9244"}],"curies":[{"name":"wp","href":"https:\/\/api.w.org\/{rel}","templated":true}]}}