{"id":9250,"date":"2023-12-14T18:43:49","date_gmt":"2023-12-14T16:43:49","guid":{"rendered":"https:\/\/daiktaisuistorija.lt\/?post_type=product&#038;p=9250"},"modified":"2025-02-12T21:43:09","modified_gmt":"2025-02-12T19:43:09","slug":"keramikine-zvakide-besmegenis","status":"publish","type":"product","link":"https:\/\/daiktaisuistorija.lt\/lt\/produktas\/keramikine-zvakide-besmegenis\/","title":{"rendered":"Keramikin\u0117 \u017evakid\u0117 &#8220;Besmegenis&#8221;"},"content":{"rendered":"<p>Keramika.<br>Auk\u0161tis apie 16cm.<br>Skersmuo 9cm.<br>B\u016bkl\u0117 &#8211; gera, minimal\u016bs naudojimo po\u017eymiai.<\/p>","protected":false},"excerpt":{"rendered":"<p>Keramika.Auk\u0161tis apie 16cm.Skersmuo 9cm.B\u016bkl\u0117 &#8211; gera, minimal\u016bs naudojimo po\u017eymiai.<\/p>","protected":false},"featured_media":9252,"template":"","meta":[],"product_cat":[118,52,70],"product_tag":[],"class_list":["post-9250","product","type-product","status-publish","has-post-thumbnail","hentry","product_cat-kaledos","product_cat-visi-daiktai","product_cat-zvakides-ir-sviestuvai"],"_links":{"self":[{"href":"https:\/\/daiktaisuistorija.lt\/lt\/wp-json\/wp\/v2\/product\/9250","targetHints":{"allow":["GET"]}}],"collection":[{"href":"https:\/\/daiktaisuistorija.lt\/lt\/wp-json\/wp\/v2\/product"}],"about":[{"href":"https:\/\/daiktaisuistorija.lt\/lt\/wp-json\/wp\/v2\/types\/product"}],"wp:featuredmedia":[{"embeddable":true,"href":"https:\/\/daiktaisuistorija.lt\/lt\/wp-json\/wp\/v2\/media\/9252"}],"wp:attachment":[{"href":"https:\/\/daiktaisuistorija.lt\/lt\/wp-json\/wp\/v2\/media?parent=9250"}],"wp:term":[{"taxonomy":"product_cat","embeddable":true,"href":"https:\/\/daiktaisuistorija.lt\/lt\/wp-json\/wp\/v2\/product_cat?post=9250"},{"taxonomy":"product_tag","embeddable":true,"href":"https:\/\/daiktaisuistorija.lt\/lt\/wp-json\/wp\/v2\/product_tag?post=9250"}],"curies":[{"name":"wp","href":"https:\/\/api.w.org\/{rel}","templated":true}]}}