{"id":9256,"date":"2023-12-14T18:57:42","date_gmt":"2023-12-14T16:57:42","guid":{"rendered":"https:\/\/daiktaisuistorija.lt\/?post_type=product&#038;p=9256"},"modified":"2025-02-12T21:39:33","modified_gmt":"2025-02-12T19:39:33","slug":"kaledine-dekoracija-linksmas-rudolfas","status":"publish","type":"product","link":"https:\/\/daiktaisuistorija.lt\/lt\/produktas\/kaledine-dekoracija-linksmas-rudolfas\/","title":{"rendered":"Kal\u0117din\u0117 dekoracija &#8220;Linksmas rudolfas&#8221;"},"content":{"rendered":"<p>Keramika.<br>Auk\u0161tis 23,5cm<br>B\u016bkl\u0117 &#8211; labai gera.<\/p>","protected":false},"excerpt":{"rendered":"<p>Keramika.Auk\u0161tis 23,5cmB\u016bkl\u0117 &#8211; labai gera.<\/p>","protected":false},"featured_media":9261,"template":"","meta":[],"product_cat":[118,78,52],"product_tag":[],"class_list":["post-9256","product","type-product","status-publish","has-post-thumbnail","hentry","product_cat-kaledos","product_cat-statuleles-ir-ivairios-dekoracijos","product_cat-visi-daiktai"],"_links":{"self":[{"href":"https:\/\/daiktaisuistorija.lt\/lt\/wp-json\/wp\/v2\/product\/9256","targetHints":{"allow":["GET"]}}],"collection":[{"href":"https:\/\/daiktaisuistorija.lt\/lt\/wp-json\/wp\/v2\/product"}],"about":[{"href":"https:\/\/daiktaisuistorija.lt\/lt\/wp-json\/wp\/v2\/types\/product"}],"wp:featuredmedia":[{"embeddable":true,"href":"https:\/\/daiktaisuistorija.lt\/lt\/wp-json\/wp\/v2\/media\/9261"}],"wp:attachment":[{"href":"https:\/\/daiktaisuistorija.lt\/lt\/wp-json\/wp\/v2\/media?parent=9256"}],"wp:term":[{"taxonomy":"product_cat","embeddable":true,"href":"https:\/\/daiktaisuistorija.lt\/lt\/wp-json\/wp\/v2\/product_cat?post=9256"},{"taxonomy":"product_tag","embeddable":true,"href":"https:\/\/daiktaisuistorija.lt\/lt\/wp-json\/wp\/v2\/product_tag?post=9256"}],"curies":[{"name":"wp","href":"https:\/\/api.w.org\/{rel}","templated":true}]}}