{"id":9262,"date":"2023-12-14T19:03:34","date_gmt":"2023-12-14T17:03:34","guid":{"rendered":"https:\/\/daiktaisuistorija.lt\/?post_type=product&#038;p=9262"},"modified":"2025-01-06T20:14:03","modified_gmt":"2025-01-06T18:14:03","slug":"sventiska-stikline","status":"publish","type":"product","link":"https:\/\/daiktaisuistorija.lt\/lt\/produktas\/sventiska-stikline\/","title":{"rendered":"\u0160venti\u0161ka stiklin\u0117"},"content":{"rendered":"<p>Med\u017eiaga &#8211; stiklas.<br>T\u016bris 400ml.<br>Auk\u0161tis 15cm.<br>B\u016bkl\u0117 &#8211; labai gera.<\/p>","protected":false},"excerpt":{"rendered":"<p>Med\u017eiaga &#8211; stiklas.T\u016bris 400ml.Auk\u0161tis 15cm.B\u016bkl\u0117 &#8211; labai gera.<\/p>","protected":false},"featured_media":9264,"template":"","meta":[],"product_cat":[118,85,52],"product_tag":[],"class_list":["post-9262","product","type-product","status-publish","has-post-thumbnail","hentry","product_cat-kaledos","product_cat-taures-ir-stiklines","product_cat-visi-daiktai"],"_links":{"self":[{"href":"https:\/\/daiktaisuistorija.lt\/lt\/wp-json\/wp\/v2\/product\/9262","targetHints":{"allow":["GET"]}}],"collection":[{"href":"https:\/\/daiktaisuistorija.lt\/lt\/wp-json\/wp\/v2\/product"}],"about":[{"href":"https:\/\/daiktaisuistorija.lt\/lt\/wp-json\/wp\/v2\/types\/product"}],"wp:featuredmedia":[{"embeddable":true,"href":"https:\/\/daiktaisuistorija.lt\/lt\/wp-json\/wp\/v2\/media\/9264"}],"wp:attachment":[{"href":"https:\/\/daiktaisuistorija.lt\/lt\/wp-json\/wp\/v2\/media?parent=9262"}],"wp:term":[{"taxonomy":"product_cat","embeddable":true,"href":"https:\/\/daiktaisuistorija.lt\/lt\/wp-json\/wp\/v2\/product_cat?post=9262"},{"taxonomy":"product_tag","embeddable":true,"href":"https:\/\/daiktaisuistorija.lt\/lt\/wp-json\/wp\/v2\/product_tag?post=9262"}],"curies":[{"name":"wp","href":"https:\/\/api.w.org\/{rel}","templated":true}]}}