{"id":9266,"date":"2023-12-14T19:11:00","date_gmt":"2023-12-14T17:11:00","guid":{"rendered":"https:\/\/daiktaisuistorija.lt\/?post_type=product&#038;p=9266"},"modified":"2023-12-18T11:24:01","modified_gmt":"2023-12-18T09:24:01","slug":"vintazinis-zaisliukas-ant-eglutes","status":"publish","type":"product","link":"https:\/\/daiktaisuistorija.lt\/lt\/produktas\/vintazinis-zaisliukas-ant-eglutes\/","title":{"rendered":"Vinta\u017einis \u017eaisliukas ant eglut\u0117s"},"content":{"rendered":"<p>Labai gra\u017eus, vienetinis kal\u0117dinis \u017eaisliukas.<br>I\u0161matavimai apie 9&#215;5,5cm.<\/p>\n\n\n\n<p>B\u016bkl\u0117 &#8211; labai gera.<\/p>","protected":false},"excerpt":{"rendered":"<p>Labai gra\u017eus, vienetinis kal\u0117dinis \u017eaisliukas.I\u0161matavimai apie 9&#215;5,5cm. B\u016bkl\u0117 &#8211; labai gera.<\/p>","protected":false},"featured_media":9267,"template":"","meta":[],"product_cat":[118,91,78,52],"product_tag":[],"class_list":["post-9266","product","type-product","status-publish","has-post-thumbnail","hentry","product_cat-kaledos","product_cat-naujos-prekes","product_cat-statuleles-ir-ivairios-dekoracijos","product_cat-visi-daiktai"],"_links":{"self":[{"href":"https:\/\/daiktaisuistorija.lt\/lt\/wp-json\/wp\/v2\/product\/9266","targetHints":{"allow":["GET"]}}],"collection":[{"href":"https:\/\/daiktaisuistorija.lt\/lt\/wp-json\/wp\/v2\/product"}],"about":[{"href":"https:\/\/daiktaisuistorija.lt\/lt\/wp-json\/wp\/v2\/types\/product"}],"wp:featuredmedia":[{"embeddable":true,"href":"https:\/\/daiktaisuistorija.lt\/lt\/wp-json\/wp\/v2\/media\/9267"}],"wp:attachment":[{"href":"https:\/\/daiktaisuistorija.lt\/lt\/wp-json\/wp\/v2\/media?parent=9266"}],"wp:term":[{"taxonomy":"product_cat","embeddable":true,"href":"https:\/\/daiktaisuistorija.lt\/lt\/wp-json\/wp\/v2\/product_cat?post=9266"},{"taxonomy":"product_tag","embeddable":true,"href":"https:\/\/daiktaisuistorija.lt\/lt\/wp-json\/wp\/v2\/product_tag?post=9266"}],"curies":[{"name":"wp","href":"https:\/\/api.w.org\/{rel}","templated":true}]}}