{"id":9271,"date":"2023-12-14T19:15:54","date_gmt":"2023-12-14T17:15:54","guid":{"rendered":"https:\/\/daiktaisuistorija.lt\/?post_type=product&#038;p=9271"},"modified":"2025-01-06T20:11:10","modified_gmt":"2025-01-06T18:11:10","slug":"zaisliukas-ant-eglutes-bugnas","status":"publish","type":"product","link":"https:\/\/daiktaisuistorija.lt\/lt\/produktas\/zaisliukas-ant-eglutes-bugnas\/","title":{"rendered":"\u017daisliukas ant eglut\u0117s &#8220;Bugnas&#8221;"},"content":{"rendered":"<p>I\u0161matavimai apie 4,5&#215;5,2cm<br>B\u016bkl\u0117 &#8211; labai gera.<\/p>","protected":false},"excerpt":{"rendered":"<p>I\u0161matavimai apie 4,5&#215;5,2cmB\u016bkl\u0117 &#8211; labai gera.<\/p>","protected":false},"featured_media":9272,"template":"","meta":[],"product_cat":[118,78,52],"product_tag":[],"class_list":["post-9271","product","type-product","status-publish","has-post-thumbnail","hentry","product_cat-kaledos","product_cat-statuleles-ir-ivairios-dekoracijos","product_cat-visi-daiktai"],"_links":{"self":[{"href":"https:\/\/daiktaisuistorija.lt\/lt\/wp-json\/wp\/v2\/product\/9271","targetHints":{"allow":["GET"]}}],"collection":[{"href":"https:\/\/daiktaisuistorija.lt\/lt\/wp-json\/wp\/v2\/product"}],"about":[{"href":"https:\/\/daiktaisuistorija.lt\/lt\/wp-json\/wp\/v2\/types\/product"}],"wp:featuredmedia":[{"embeddable":true,"href":"https:\/\/daiktaisuistorija.lt\/lt\/wp-json\/wp\/v2\/media\/9272"}],"wp:attachment":[{"href":"https:\/\/daiktaisuistorija.lt\/lt\/wp-json\/wp\/v2\/media?parent=9271"}],"wp:term":[{"taxonomy":"product_cat","embeddable":true,"href":"https:\/\/daiktaisuistorija.lt\/lt\/wp-json\/wp\/v2\/product_cat?post=9271"},{"taxonomy":"product_tag","embeddable":true,"href":"https:\/\/daiktaisuistorija.lt\/lt\/wp-json\/wp\/v2\/product_tag?post=9271"}],"curies":[{"name":"wp","href":"https:\/\/api.w.org\/{rel}","templated":true}]}}