{"id":9275,"date":"2023-12-14T19:22:22","date_gmt":"2023-12-14T17:22:22","guid":{"rendered":"https:\/\/daiktaisuistorija.lt\/?post_type=product&#038;p=9275"},"modified":"2025-01-06T20:02:14","modified_gmt":"2025-01-06T18:02:14","slug":"metaliniai-zaisliukai-ant-eglutes","status":"publish","type":"product","link":"https:\/\/daiktaisuistorija.lt\/lt\/produktas\/metaliniai-zaisliukai-ant-eglutes\/","title":{"rendered":"Metaliniai \u017eaisliukai ant eglut\u0117s"},"content":{"rendered":"<p>Komplekte yra 5vnt. (kaina u\u017e visus).<\/p>\n\n\n\n<p>I\u0161matavimai 6x6cm. Yra d\u0117\u017eut\u0117.<br>B\u016bkl\u0117 &#8211; puiki.<\/p>","protected":false},"excerpt":{"rendered":"<p>Komplekte yra 5vnt. (kaina u\u017e visus). I\u0161matavimai 6x6cm. Yra d\u0117\u017eut\u0117.B\u016bkl\u0117 &#8211; puiki.<\/p>","protected":false},"featured_media":9277,"template":"","meta":[],"product_cat":[118,78,52],"product_tag":[],"class_list":["post-9275","product","type-product","status-publish","has-post-thumbnail","hentry","product_cat-kaledos","product_cat-statuleles-ir-ivairios-dekoracijos","product_cat-visi-daiktai"],"_links":{"self":[{"href":"https:\/\/daiktaisuistorija.lt\/lt\/wp-json\/wp\/v2\/product\/9275","targetHints":{"allow":["GET"]}}],"collection":[{"href":"https:\/\/daiktaisuistorija.lt\/lt\/wp-json\/wp\/v2\/product"}],"about":[{"href":"https:\/\/daiktaisuistorija.lt\/lt\/wp-json\/wp\/v2\/types\/product"}],"wp:featuredmedia":[{"embeddable":true,"href":"https:\/\/daiktaisuistorija.lt\/lt\/wp-json\/wp\/v2\/media\/9277"}],"wp:attachment":[{"href":"https:\/\/daiktaisuistorija.lt\/lt\/wp-json\/wp\/v2\/media?parent=9275"}],"wp:term":[{"taxonomy":"product_cat","embeddable":true,"href":"https:\/\/daiktaisuistorija.lt\/lt\/wp-json\/wp\/v2\/product_cat?post=9275"},{"taxonomy":"product_tag","embeddable":true,"href":"https:\/\/daiktaisuistorija.lt\/lt\/wp-json\/wp\/v2\/product_tag?post=9275"}],"curies":[{"name":"wp","href":"https:\/\/api.w.org\/{rel}","templated":true}]}}