{"id":9280,"date":"2023-12-14T20:43:54","date_gmt":"2023-12-14T18:43:54","guid":{"rendered":"https:\/\/daiktaisuistorija.lt\/?post_type=product&#038;p=9280"},"modified":"2025-02-12T21:27:12","modified_gmt":"2025-02-12T19:27:12","slug":"zaisliukas-ant-eglutes","status":"publish","type":"product","link":"https:\/\/daiktaisuistorija.lt\/lt\/produktas\/zaisliukas-ant-eglutes\/","title":{"rendered":"\u017daisliukas ant eglut\u0117s"},"content":{"rendered":"<p>Auk\u0161tis apie 12.5cm<\/p>","protected":false},"excerpt":{"rendered":"<p>Auk\u0161tis apie 12.5cm<\/p>","protected":false},"featured_media":9281,"template":"","meta":[],"product_cat":[118,78,52],"product_tag":[],"class_list":["post-9280","product","type-product","status-publish","has-post-thumbnail","hentry","product_cat-kaledos","product_cat-statuleles-ir-ivairios-dekoracijos","product_cat-visi-daiktai"],"_links":{"self":[{"href":"https:\/\/daiktaisuistorija.lt\/lt\/wp-json\/wp\/v2\/product\/9280","targetHints":{"allow":["GET"]}}],"collection":[{"href":"https:\/\/daiktaisuistorija.lt\/lt\/wp-json\/wp\/v2\/product"}],"about":[{"href":"https:\/\/daiktaisuistorija.lt\/lt\/wp-json\/wp\/v2\/types\/product"}],"wp:featuredmedia":[{"embeddable":true,"href":"https:\/\/daiktaisuistorija.lt\/lt\/wp-json\/wp\/v2\/media\/9281"}],"wp:attachment":[{"href":"https:\/\/daiktaisuistorija.lt\/lt\/wp-json\/wp\/v2\/media?parent=9280"}],"wp:term":[{"taxonomy":"product_cat","embeddable":true,"href":"https:\/\/daiktaisuistorija.lt\/lt\/wp-json\/wp\/v2\/product_cat?post=9280"},{"taxonomy":"product_tag","embeddable":true,"href":"https:\/\/daiktaisuistorija.lt\/lt\/wp-json\/wp\/v2\/product_tag?post=9280"}],"curies":[{"name":"wp","href":"https:\/\/api.w.org\/{rel}","templated":true}]}}