{"id":9283,"date":"2023-12-14T20:50:58","date_gmt":"2023-12-14T18:50:58","guid":{"rendered":"https:\/\/daiktaisuistorija.lt\/?post_type=product&#038;p=9283"},"modified":"2025-01-06T20:10:08","modified_gmt":"2025-01-06T18:10:08","slug":"stikliniai-zaisliukai-su-plunksnomis","status":"publish","type":"product","link":"https:\/\/daiktaisuistorija.lt\/lt\/produktas\/stikliniai-zaisliukai-su-plunksnomis\/","title":{"rendered":"Stikliniai \u017eaisliukai su plunksnomis"},"content":{"rendered":"<p>Labai original\u016bs ir trap\u016bs stikliniai \u017eaisliukai ant eglut\u0117s su plunksnomis viduje.<br>Rinkinyje 6vnt. Su d\u0117\u017eute. <\/p>\n\n\n\n<p>I\u0161matavimai 4x7cm.<br>B\u016bkl\u0117 &#8211; nauja.<\/p>","protected":false},"excerpt":{"rendered":"<p>Labai original\u016bs ir trap\u016bs stikliniai \u017eaisliukai ant eglut\u0117s su plunksnomis viduje.Rinkinyje 6vnt. Su d\u0117\u017eute. I\u0161matavimai 4x7cm.B\u016bkl\u0117 &#8211; nauja.<\/p>","protected":false},"featured_media":9286,"template":"","meta":[],"product_cat":[118,78,52],"product_tag":[],"class_list":["post-9283","product","type-product","status-publish","has-post-thumbnail","hentry","product_cat-kaledos","product_cat-statuleles-ir-ivairios-dekoracijos","product_cat-visi-daiktai"],"_links":{"self":[{"href":"https:\/\/daiktaisuistorija.lt\/lt\/wp-json\/wp\/v2\/product\/9283","targetHints":{"allow":["GET"]}}],"collection":[{"href":"https:\/\/daiktaisuistorija.lt\/lt\/wp-json\/wp\/v2\/product"}],"about":[{"href":"https:\/\/daiktaisuistorija.lt\/lt\/wp-json\/wp\/v2\/types\/product"}],"wp:featuredmedia":[{"embeddable":true,"href":"https:\/\/daiktaisuistorija.lt\/lt\/wp-json\/wp\/v2\/media\/9286"}],"wp:attachment":[{"href":"https:\/\/daiktaisuistorija.lt\/lt\/wp-json\/wp\/v2\/media?parent=9283"}],"wp:term":[{"taxonomy":"product_cat","embeddable":true,"href":"https:\/\/daiktaisuistorija.lt\/lt\/wp-json\/wp\/v2\/product_cat?post=9283"},{"taxonomy":"product_tag","embeddable":true,"href":"https:\/\/daiktaisuistorija.lt\/lt\/wp-json\/wp\/v2\/product_tag?post=9283"}],"curies":[{"name":"wp","href":"https:\/\/api.w.org\/{rel}","templated":true}]}}